{"id":1243,"date":"2022-05-03T10:11:02","date_gmt":"2022-05-03T08:11:02","guid":{"rendered":"https:\/\/pharmafutura.ch\/hormonersatztherapie\/"},"modified":"2022-11-25T11:12:23","modified_gmt":"2022-11-25T10:12:23","slug":"hormonersatztherapie","status":"publish","type":"page","link":"https:\/\/pharmafutura.ch\/de\/hormonersatztherapie\/","title":{"rendered":"Hormonersatztherapie"},"content":{"rendered":"<p>[et_pb_section fb_built=&#8220;1&#8243; custom_padding_last_edited=&#8220;on|tablet&#8220; next_background_color=&#8220;#ffffff&#8220; admin_label=&#8220;Hero&#8220; _builder_version=&#8220;4.16&#8243; use_background_color_gradient=&#8220;on&#8220; background_color_gradient_type=&#8220;circular&#8220; background_color_gradient_direction_radial=&#8220;top right&#8220; background_color_gradient_stops=&#8220;rgba(255,255,255,0) 20%|rgba(1,77,183,0.9) 100%&#8220; background_color_gradient_overlays_image=&#8220;on&#8220; background_color_gradient_start=&#8220;rgba(255,255,255,0)&#8220; background_color_gradient_start_position=&#8220;20%&#8220; background_color_gradient_end=&#8220;rgba(1,77,183,0.9)&#8220; background_image=&#8220;https:\/\/pharmafutura.ch\/wp-content\/uploads\/2021\/09\/pharmacy-07.jpg&#8220; custom_padding=&#8220;110px|0px|160px|0px|false|false&#8220; custom_padding_tablet=&#8220;50px||50px||true&#8220; custom_padding_phone=&#8220;|||&#8220; bottom_divider_style=&#8220;asymmetric&#8220; bottom_divider_height=&#8220;50px&#8220; bottom_divider_flip=&#8220;horizontal&#8220; bottom_divider_height_tablet=&#8220;90px&#8220; bottom_divider_height_phone=&#8220;80px&#8220; global_colors_info=&#8220;{}&#8220;][et_pb_row column_structure=&#8220;2_3,1_3&#8243; _builder_version=&#8220;4.16&#8243; custom_width_px=&#8220;1280px&#8220; global_colors_info=&#8220;{}&#8220;][et_pb_column type=&#8220;2_3&#8243; _builder_version=&#8220;4.16&#8243; custom_padding=&#8220;|||&#8220; global_colors_info=&#8220;{}&#8220; custom_padding__hover=&#8220;|||&#8220;][et_pb_text _builder_version=&#8220;4.16&#8243; text_font=&#8220;Montserrat||||||||&#8220; text_text_color=&#8220;rgba(255,255,255,0.7)&#8220; text_font_size=&#8220;20px&#8220; text_line_height=&#8220;1.8em&#8220; header_font=&#8220;Montserrat|700|||||||&#8220; header_font_size=&#8220;44px&#8220; header_line_height=&#8220;1.4em&#8220; header_6_font=&#8220;Montserrat|600||on|||||&#8220; header_6_text_color=&#8220;rgba(255,255,255,0.7)&#8220; header_6_font_size=&#8220;16px&#8220; header_6_letter_spacing=&#8220;2px&#8220; header_6_line_height=&#8220;1.5em&#8220; background_layout=&#8220;dark&#8220; max_width=&#8220;780px&#8220; text_font_size_tablet=&#8220;&#8220; text_font_size_phone=&#8220;15px&#8220; text_font_size_last_edited=&#8220;on|phone&#8220; header_font_size_tablet=&#8220;&#8220; header_font_size_phone=&#8220;28px&#8220; header_font_size_last_edited=&#8220;on|phone&#8220; global_colors_info=&#8220;{}&#8220;]<\/p>\n<h1>Das Labor<\/h1>\n<p>Galenische Zubereitung und bioidentische Hormone<\/p>\n<p>[\/et_pb_text][\/et_pb_column][et_pb_column type=&#8220;1_3&#8243; _builder_version=&#8220;4.16&#8243; custom_padding=&#8220;|||&#8220; global_colors_info=&#8220;{}&#8220; custom_padding__hover=&#8220;|||&#8220;][\/et_pb_column][\/et_pb_row][\/et_pb_section][et_pb_section fb_built=&#8220;1&#8243; admin_label=&#8220;Services&#8220; _builder_version=&#8220;4.16&#8243; background_enable_image=&#8220;off&#8220; custom_padding=&#8220;54px|0px|0|0px|false|false&#8220; global_colors_info=&#8220;{}&#8220;][et_pb_row _builder_version=&#8220;4.16&#8243; custom_padding=&#8220;||1px|||&#8220; global_colors_info=&#8220;{}&#8220;][et_pb_column type=&#8220;4_4&#8243; _builder_version=&#8220;4.16&#8243; custom_padding=&#8220;|||&#8220; global_colors_info=&#8220;{}&#8220; custom_padding__hover=&#8220;|||&#8220;][et_pb_text _builder_version=&#8220;4.17.6&#8243; _module_preset=&#8220;default&#8220; hover_enabled=&#8220;0&#8243; global_colors_info=&#8220;{}&#8220; sticky_enabled=&#8220;0&#8243;]<\/p>\n<p><span>Seit 2008 hat sich Pharma Futura SA ausschliesslich auf die Entwicklung und Produktion von individualisierten Arzneimitteln f\u00fcr die bioidentische Hormonersatztherapie spezialisiert, wie z.B. liposomale Gele mit hoher Bioverf\u00fcgbarkeit.<\/span><\/p>\n<p><span>Unser Labor verf\u00fcgt \u00fcber eine von Swissmedic erteilte Bewilligung zur Herstellung von Arzneimitteln gem\u00e4ss Artikel 9.2 des Heilmittelgesetzes (HMG). Wir arbeiten nach der Good Manufacturing Practice (GMP), um eine optimale Qualit\u00e4tskontrolle zu gew\u00e4hrleisten.<\/span><\/p>\n<p><span>PharmaFutura SA ist ebenso auf die Entwicklung von funktionellen Produkten in Bezug auf sportliche Leistung, Gewichtskontrolle und Gesundheit spezialisiert.<\/span><\/p>\n<p>[\/et_pb_text][et_pb_text _builder_version=&#8220;4.17.6&#8243; _module_preset=&#8220;default&#8220; hover_enabled=&#8220;0&#8243; global_colors_info=&#8220;{}&#8220; sticky_enabled=&#8220;0&#8243;]<\/p>\n<p><span><strong>Bio-identische liposomale Gele<\/strong>, in verschiedenen Proportionen, in unterschiedlichen Konzentrationen und nach individueller Verschreibung:<\/span><\/p>\n<ul>\n<li>\u00d6stradiol (E2) \/ \u00d6striol (E3)<\/li>\n<li>Testosteron<\/li>\n<li>Progesteron<\/li>\n<\/ul>\n<p><span><strong>Bio-identische Kapseln<\/strong>, in verschiedenen Konzentrationen und nach individueller Verordnung:<\/span><\/p>\n<ul>\n<li>Pregnenolon<\/li>\n<li>Progesteron<\/li>\n<li>DHEA (Prasteron)<\/li>\n<li>Melatonin<\/li>\n<\/ul>\n<ul><\/ul>\n<p>[\/et_pb_text][\/et_pb_column][\/et_pb_row][\/et_pb_section][et_pb_section fb_built=&#8220;1&#8243; admin_label=&#8220;Services&#8220; _builder_version=&#8220;4.16&#8243; background_color=&#8220;#ffffff&#8220; custom_padding=&#8220;1px|||||&#8220; global_colors_info=&#8220;{}&#8220;][et_pb_row column_structure=&#8220;1_3,1_3,1_3&#8243; admin_label=&#8220;Reihe&#8220; _builder_version=&#8220;4.16&#8243; global_colors_info=&#8220;{}&#8220;][et_pb_column type=&#8220;1_3&#8243; _builder_version=&#8220;4.16&#8243; custom_padding=&#8220;|||&#8220; global_colors_info=&#8220;{}&#8220; custom_padding__hover=&#8220;|||&#8220;][et_pb_blurb title=&#8220;Sie sind eine Apotheke?&#8220; image=&#8220;https:\/\/pharmafutura.ch\/wp-content\/uploads\/2022\/05\/istockphoto-1132087010-612&#215;612-1-300&#215;200.jpg&#8220; alt=&#8220;Lebensmittel&#8220; content_max_width=&#8220;100%&#8220; _builder_version=&#8220;4.16&#8243; header_font=&#8220;Montserrat|700|||||||&#8220; header_line_height=&#8220;1.5em&#8220; body_font=&#8220;Montserrat||||||||&#8220; body_line_height=&#8220;1.8em&#8220; custom_margin=&#8220;||8px|||&#8220; custom_padding=&#8220;|9px|0px|9px||&#8220; animation_style=&#8220;fade&#8220; border_radii=&#8220;on|6px|6px|6px|6px&#8220; border_radii_image=&#8220;on|10px|10px|10px|10px&#8220; locked=&#8220;off&#8220; global_colors_info=&#8220;{}&#8220;]<\/p>\n<ul>\n<li>wir liefern in 24\/48h<\/li>\n<li>Unsere Preise sind attraktiv<\/li>\n<li>wir sind flexibel<\/li>\n<li>individuelle Formulierung<\/li>\n<\/ul>\n<p>Fordern Sie Ihr Bestellformular an!<\/p>\n<p>&nbsp;<\/p>\n<p>[\/et_pb_blurb][et_pb_button button_url=&#8220;#Kontakt%20Formular&#8220; button_text=&#8220;beauftragen Sie uns&#8220; button_alignment=&#8220;center&#8220; _builder_version=&#8220;4.16&#8243; custom_button=&#8220;on&#8220; button_text_size=&#8220;14px&#8220; button_text_color=&#8220;#000000&#8243; button_border_width=&#8220;2px&#8220; button_border_color=&#8220;#000000&#8243; button_border_radius=&#8220;10px&#8220; button_font=&#8220;PxGroteskRegular|600|||||||&#8220; button_use_icon=&#8220;off&#8220; button_text_color_tablet=&#8220;#000000&#8243; button_text_color_phone=&#8220;#000000&#8243; button_text_color_last_edited=&#8220;on|desktop&#8220; button_bg_color_tablet=&#8220;&#8220; button_bg_color_phone=&#8220;&#8220; button_bg_color_last_edited=&#8220;on|desktop&#8220; button_border_width_tablet=&#8220;2px&#8220; button_border_width_phone=&#8220;2px&#8220; button_border_width_last_edited=&#8220;on|desktop&#8220; button_text_color_hover=&#8220;rgba(1,77,183,0.9)&#8220; button_border_radius_hover=&#8220;100px&#8220; locked=&#8220;off&#8220; global_colors_info=&#8220;{}&#8220; button_text_size__hover_enabled=&#8220;off&#8220; button_one_text_size__hover_enabled=&#8220;off&#8220; button_two_text_size__hover_enabled=&#8220;off&#8220; button_text_color__hover_enabled=&#8220;off|desktop&#8220; button_text_color__hover=&#8220;rgba(1,77,183,0.9)&#8220; button_one_text_color__hover_enabled=&#8220;off&#8220; button_two_text_color__hover_enabled=&#8220;off&#8220; button_border_width__hover_enabled=&#8220;on|desktop&#8220; button_one_border_width__hover_enabled=&#8220;off&#8220; button_two_border_width__hover_enabled=&#8220;off&#8220; button_border_color__hover_enabled=&#8220;on|desktop&#8220; button_one_border_color__hover_enabled=&#8220;off&#8220; button_two_border_color__hover_enabled=&#8220;off&#8220; button_border_radius__hover_enabled=&#8220;on|hover&#8220; button_border_radius__hover=&#8220;10px&#8220; button_one_border_radius__hover_enabled=&#8220;off&#8220; button_two_border_radius__hover_enabled=&#8220;off&#8220; button_letter_spacing__hover_enabled=&#8220;off&#8220; button_one_letter_spacing__hover_enabled=&#8220;off&#8220; button_two_letter_spacing__hover_enabled=&#8220;off&#8220; button_bg_color__hover_enabled=&#8220;on|desktop&#8220; button_one_bg_color__hover_enabled=&#8220;off&#8220; button_two_bg_color__hover_enabled=&#8220;off&#8220; button_border_width__hover=&#8220;2px&#8220; button_border_color__hover=&#8220;#000000&#8243;][\/et_pb_button][\/et_pb_column][et_pb_column type=&#8220;1_3&#8243; _builder_version=&#8220;4.16&#8243; custom_padding=&#8220;|||&#8220; global_colors_info=&#8220;{}&#8220; custom_padding__hover=&#8220;|||&#8220;][et_pb_blurb title=&#8220;Sind Sie Patient?&#8220; image=&#8220;https:\/\/pharmafutura.ch\/wp-content\/uploads\/2022\/02\/pharmafutura-Hormonotherapie-Substitutive-300&#215;200.jpg&#8220; alt=&#8220;pharmafutura Hormonersatztherapie&#8220; content_max_width=&#8220;100%&#8220; _builder_version=&#8220;4.16&#8243; header_font=&#8220;Montserrat|700|||||||&#8220; header_line_height=&#8220;1.5em&#8220; body_font=&#8220;Montserrat||||||||&#8220; body_line_height=&#8220;1.8em&#8220; custom_margin=&#8220;||8px|||&#8220; custom_padding=&#8220;|9px|0px|9px||&#8220; animation_style=&#8220;fade&#8220; border_radii=&#8220;on|6px|6px|6px|6px&#8220; border_radii_image=&#8220;on|10px|10px|10px|10px&#8220; locked=&#8220;off&#8220; global_colors_info=&#8220;{}&#8220;]<\/p>\n<ul>\n<li>Sie haben ein Rezept<\/li>\n<li>Sie m\u00f6chten mehr erfahren<\/li>\n<li>wir sind flexibel<\/li>\n<li>individuelle Formulierung<\/li>\n<\/ul>\n<div><span lang=\"DE-CH\">Fordern Sie weitere Informationen an :<\/span><\/div>\n<p>&nbsp;<\/p>\n<p>[\/et_pb_blurb][et_pb_button button_url=&#8220;#Kontakt%20Formular&#8220; button_text=&#8220;beauftragen Sie uns&#8220; button_alignment=&#8220;center&#8220; _builder_version=&#8220;4.16&#8243; custom_button=&#8220;on&#8220; button_text_size=&#8220;14px&#8220; button_text_color=&#8220;#000000&#8243; button_border_width=&#8220;2px&#8220; button_border_color=&#8220;#000000&#8243; button_border_radius=&#8220;10px&#8220; button_font=&#8220;PxGroteskRegular|600|||||||&#8220; button_use_icon=&#8220;off&#8220; button_text_color_tablet=&#8220;#000000&#8243; button_text_color_phone=&#8220;#000000&#8243; button_text_color_last_edited=&#8220;on|desktop&#8220; button_bg_color_tablet=&#8220;&#8220; button_bg_color_phone=&#8220;&#8220; button_bg_color_last_edited=&#8220;on|desktop&#8220; button_border_width_tablet=&#8220;2px&#8220; button_border_width_phone=&#8220;2px&#8220; button_border_width_last_edited=&#8220;on|desktop&#8220; button_text_color_hover=&#8220;rgba(1,77,183,0.9)&#8220; button_border_radius_hover=&#8220;100px&#8220; locked=&#8220;off&#8220; global_colors_info=&#8220;{}&#8220; button_text_size__hover_enabled=&#8220;off&#8220; button_one_text_size__hover_enabled=&#8220;off&#8220; button_two_text_size__hover_enabled=&#8220;off&#8220; button_text_color__hover_enabled=&#8220;off|desktop&#8220; button_text_color__hover=&#8220;rgba(1,77,183,0.9)&#8220; button_one_text_color__hover_enabled=&#8220;off&#8220; button_two_text_color__hover_enabled=&#8220;off&#8220; button_border_width__hover_enabled=&#8220;on|desktop&#8220; button_one_border_width__hover_enabled=&#8220;off&#8220; button_two_border_width__hover_enabled=&#8220;off&#8220; button_border_color__hover_enabled=&#8220;on|desktop&#8220; button_one_border_color__hover_enabled=&#8220;off&#8220; button_two_border_color__hover_enabled=&#8220;off&#8220; button_border_radius__hover_enabled=&#8220;on|hover&#8220; button_border_radius__hover=&#8220;10px&#8220; button_one_border_radius__hover_enabled=&#8220;off&#8220; button_two_border_radius__hover_enabled=&#8220;off&#8220; button_letter_spacing__hover_enabled=&#8220;off&#8220; button_one_letter_spacing__hover_enabled=&#8220;off&#8220; button_two_letter_spacing__hover_enabled=&#8220;off&#8220; button_bg_color__hover_enabled=&#8220;on|desktop&#8220; button_one_bg_color__hover_enabled=&#8220;off&#8220; button_two_bg_color__hover_enabled=&#8220;off&#8220; button_border_width__hover=&#8220;2px&#8220; button_border_color__hover=&#8220;#000000&#8243;][\/et_pb_button][\/et_pb_column][et_pb_column type=&#8220;1_3&#8243; _builder_version=&#8220;4.16&#8243; custom_padding=&#8220;|||&#8220; global_colors_info=&#8220;{}&#8220; custom_padding__hover=&#8220;|||&#8220;][et_pb_blurb title=&#8220;M\u00f6chten Sie einen Auftrag weitervergeben (Outsourcing)?&#8220; image=&#8220;https:\/\/pharmafutura.ch\/wp-content\/uploads\/2022\/04\/Travail-temporaire-en-pharmaceutique-300&#215;200.jpg&#8220; content_max_width=&#8220;100%&#8220; _builder_version=&#8220;4.16&#8243; header_font=&#8220;Montserrat|700|||||||&#8220; header_line_height=&#8220;1.5em&#8220; body_font=&#8220;Montserrat||||||||&#8220; body_line_height=&#8220;1.8em&#8220; custom_margin=&#8220;||8px|||&#8220; custom_padding=&#8220;|9px|0px|9px||&#8220; animation_style=&#8220;fade&#8220; border_radii=&#8220;on|6px|6px|6px|6px&#8220; border_radii_image=&#8220;on|10px|10px|10px|10px&#8220; locked=&#8220;off&#8220; global_colors_info=&#8220;{}&#8220;]<\/p>\n<ul>\n<li>Ben\u00f6tigen Sie eine Formulierung?<\/li>\n<li>Ben\u00f6tigen Sie eine Produktionscharge ?<\/li>\n<li>White-Label-Herstellung<\/li>\n<li>Kleine oder gro\u00dfe\u00a0<span style=\"font-size: 14px;\">Produktionschargen<\/span>\n<div><\/div>\n<\/li>\n<\/ul>\n<p>Challengen Sie uns!<\/p>\n<p>&nbsp;<\/p>\n<p>[\/et_pb_blurb][et_pb_button button_url=&#8220;@ET-DC@eyJkeW5hbWljIjp0cnVlLCJjb250ZW50IjoicG9zdF9saW5rX3VybF9wYWdlIiwic2V0dGluZ3MiOnsicG9zdF9pZCI6IjE2OSJ9fQ==@&#8220; button_text=&#8220;Mehr Informationen&#8220; button_alignment=&#8220;center&#8220; _builder_version=&#8220;4.16&#8243; _dynamic_attributes=&#8220;button_url&#8220; custom_button=&#8220;on&#8220; button_text_size=&#8220;14px&#8220; button_text_color=&#8220;#000000&#8243; button_border_color=&#8220;#000000&#8243; button_border_radius=&#8220;10px&#8220; button_font=&#8220;PxGroteskRegular|600|||||||&#8220; button_use_icon=&#8220;off&#8220; button_text_color_tablet=&#8220;#000000&#8243; button_text_color_phone=&#8220;#000000&#8243; button_text_color_last_edited=&#8220;on|desktop&#8220; button_border_width_tablet=&#8220;&#8220; button_border_width_phone=&#8220;&#8220; button_border_width_last_edited=&#8220;on|desktop&#8220; button_text_color_hover=&#8220;rgba(1,77,183,0.9)&#8220; button_border_radius_hover=&#8220;100px&#8220; locked=&#8220;off&#8220; global_colors_info=&#8220;{}&#8220; button_text_size__hover_enabled=&#8220;off&#8220; button_one_text_size__hover_enabled=&#8220;off&#8220; button_two_text_size__hover_enabled=&#8220;off&#8220; button_text_color__hover_enabled=&#8220;on|desktop&#8220; button_text_color__hover=&#8220;#000000&#8243; button_one_text_color__hover_enabled=&#8220;off&#8220; button_two_text_color__hover_enabled=&#8220;off&#8220; button_border_width__hover_enabled=&#8220;on|desktop&#8220; button_one_border_width__hover_enabled=&#8220;off&#8220; button_two_border_width__hover_enabled=&#8220;off&#8220; button_border_color__hover_enabled=&#8220;off&#8220; button_one_border_color__hover_enabled=&#8220;off&#8220; button_two_border_color__hover_enabled=&#8220;off&#8220; button_border_radius__hover_enabled=&#8220;on&#8220; button_border_radius__hover=&#8220;10px&#8220; button_one_border_radius__hover_enabled=&#8220;off&#8220; button_two_border_radius__hover_enabled=&#8220;off&#8220; button_letter_spacing__hover_enabled=&#8220;off&#8220; button_one_letter_spacing__hover_enabled=&#8220;off&#8220; button_two_letter_spacing__hover_enabled=&#8220;off&#8220; button_bg_color__hover_enabled=&#8220;off&#8220; button_one_bg_color__hover_enabled=&#8220;off&#8220; button_two_bg_color__hover_enabled=&#8220;off&#8220;][\/et_pb_button][\/et_pb_column][\/et_pb_row][\/et_pb_section][et_pb_section fb_built=&#8220;1&#8243; custom_padding_last_edited=&#8220;off|desktop&#8220; prev_background_color=&#8220;#ffffff&#8220; admin_label=&#8220;Footer&#8220; module_id=&#8220;untere Form&#8220; _builder_version=&#8220;4.16&#8243; use_background_color_gradient=&#8220;on&#8220; background_color_gradient_type=&#8220;circular&#8220; background_color_gradient_direction_radial=&#8220;top right&#8220; background_color_gradient_stops=&#8220;rgba(0,156,205,0.06) 0%|rgba(255,255,255,0) 100%&#8220; background_color_gradient_overlays_image=&#8220;on&#8220; background_color_gradient_start=&#8220;rgba(0,156,205,0.06)&#8220; background_color_gradient_end=&#8220;rgba(255,255,255,0)&#8220; background_image=&#8220;https:\/\/pharmafutura.ch\/wp-content\/uploads\/2022\/04\/iStock-977451442-scaled.jpg&#8220; background_position=&#8220;bottom_left&#8220; custom_padding=&#8220;100px||100px||true&#8220; top_divider_style=&#8220;asymmetric&#8220; top_divider_height=&#8220;50px&#8220; top_divider_flip=&#8220;vertical|horizontal&#8220; background_color_gradient_stops_tablet=&#8220;rgba(0,156,205,0.06) 0%|rgba(255,255,255,0) 100%&#8220; background_color_gradient_stops_phone=&#8220;rgba(0,156,205,0.06) 0%|rgba(255,255,255,0) 100%&#8220; global_module=&#8220;298&#8243; saved_tabs=&#8220;all&#8220; global_colors_info=&#8220;{}&#8220;][et_pb_row column_structure=&#8220;1_2,1_2&#8243; _builder_version=&#8220;4.16&#8243; _module_preset=&#8220;default&#8220; global_colors_info=&#8220;{}&#8220;][et_pb_column type=&#8220;1_2&#8243; _builder_version=&#8220;4.16&#8243; _module_preset=&#8220;default&#8220; global_colors_info=&#8220;{}&#8220;][et_pb_text _builder_version=&#8220;4.16&#8243; _module_preset=&#8220;default&#8220; text_font=&#8220;PxGroteskBold||||||||&#8220; text_font_size=&#8220;13px&#8220; global_colors_info=&#8220;{}&#8220;]<\/p>\n<h1 style=\"text-align: center;\"><strong><span style=\"color: #ffffff;\">KONTAKT<\/span><\/strong><\/h1>\n<p>[\/et_pb_text][\/et_pb_column][et_pb_column type=&#8220;1_2&#8243; _builder_version=&#8220;4.16&#8243; _module_preset=&#8220;default&#8220; global_colors_info=&#8220;{}&#8220;][et_pb_contact_form use_spam_service=&#8220;on&#8220; recaptcha_list=&#8220;pharmafutura|pharmafutura-0&#8243; recaptcha_min_score=&#8220;0.8&#8243; email=&#8220;info@pharmafutura.ch&#8220; admin_label=&#8220;bottomform&#8220; _builder_version=&#8220;4.16&#8243; _module_preset=&#8220;default&#8220; _unique_id=&#8220;3f8e0a19-1a7a-43fd-b1d4-b9f06be960ba&#8220; form_field_background_color=&#8220;rgba(255,255,255,0.5)&#8220; form_field_text_color=&#8220;#FFFFFF&#8220; custom_button=&#8220;on&#8220; button_text_size=&#8220;20px&#8220; button_text_color=&#8220;#FFFFFF&#8220; button_bg_color=&#8220;#009fff&#8220; button_border_width=&#8220;2px&#8220; button_border_color=&#8220;#009fff&#8220; button_border_radius=&#8220;10px&#8220; button_letter_spacing=&#8220;3px&#8220; button_font=&#8220;PxGroteskRegular||||||||&#8220; button_use_icon=&#8220;off&#8220; border_radii=&#8220;on|5px|5px|5px|5px&#8220; box_shadow_style_button=&#8220;preset1&#8243; box_shadow_color_button=&#8220;rgba(0,159,255,0.5)&#8220; global_colors_info=&#8220;{}&#8220;][et_pb_contact_field field_id=&#8220;Name&#8220; field_title=&#8220;Nachname&#8220; _builder_version=&#8220;4.16&#8243; global_colors_info=&#8220;{}&#8220; button_text_size__hover_enabled=&#8220;off&#8220; button_one_text_size__hover_enabled=&#8220;off&#8220; button_two_text_size__hover_enabled=&#8220;off&#8220; button_text_color__hover_enabled=&#8220;off&#8220; button_one_text_color__hover_enabled=&#8220;off&#8220; button_two_text_color__hover_enabled=&#8220;off&#8220; button_border_width__hover_enabled=&#8220;off&#8220; button_one_border_width__hover_enabled=&#8220;off&#8220; button_two_border_width__hover_enabled=&#8220;off&#8220; button_border_color__hover_enabled=&#8220;off&#8220; button_one_border_color__hover_enabled=&#8220;off&#8220; button_two_border_color__hover_enabled=&#8220;off&#8220; button_border_radius__hover_enabled=&#8220;off&#8220; button_one_border_radius__hover_enabled=&#8220;off&#8220; button_two_border_radius__hover_enabled=&#8220;off&#8220; button_letter_spacing__hover_enabled=&#8220;off&#8220; button_one_letter_spacing__hover_enabled=&#8220;off&#8220; button_two_letter_spacing__hover_enabled=&#8220;off&#8220; button_bg_color__hover_enabled=&#8220;off&#8220; button_one_bg_color__hover_enabled=&#8220;off&#8220; button_two_bg_color__hover_enabled=&#8220;off&#8220;][\/et_pb_contact_field][et_pb_contact_field field_id=&#8220;Email&#8220; field_title=&#8220;E-Mail-Addresse&#8220; field_type=&#8220;email&#8220; _builder_version=&#8220;4.16&#8243; global_colors_info=&#8220;{}&#8220; button_text_size__hover_enabled=&#8220;off&#8220; button_one_text_size__hover_enabled=&#8220;off&#8220; button_two_text_size__hover_enabled=&#8220;off&#8220; button_text_color__hover_enabled=&#8220;off&#8220; button_one_text_color__hover_enabled=&#8220;off&#8220; button_two_text_color__hover_enabled=&#8220;off&#8220; button_border_width__hover_enabled=&#8220;off&#8220; button_one_border_width__hover_enabled=&#8220;off&#8220; button_two_border_width__hover_enabled=&#8220;off&#8220; button_border_color__hover_enabled=&#8220;off&#8220; button_one_border_color__hover_enabled=&#8220;off&#8220; button_two_border_color__hover_enabled=&#8220;off&#8220; button_border_radius__hover_enabled=&#8220;off&#8220; button_one_border_radius__hover_enabled=&#8220;off&#8220; button_two_border_radius__hover_enabled=&#8220;off&#8220; button_letter_spacing__hover_enabled=&#8220;off&#8220; button_one_letter_spacing__hover_enabled=&#8220;off&#8220; button_two_letter_spacing__hover_enabled=&#8220;off&#8220; button_bg_color__hover_enabled=&#8220;off&#8220; button_one_bg_color__hover_enabled=&#8220;off&#8220; button_two_bg_color__hover_enabled=&#8220;off&#8220;][\/et_pb_contact_field][et_pb_contact_field field_id=&#8220;Message&#8220; field_title=&#8220;Nachricht&#8220; field_type=&#8220;text&#8220; fullwidth_field=&#8220;on&#8220; _builder_version=&#8220;4.16&#8243; global_colors_info=&#8220;{}&#8220; button_text_size__hover_enabled=&#8220;off&#8220; button_one_text_size__hover_enabled=&#8220;off&#8220; button_two_text_size__hover_enabled=&#8220;off&#8220; button_text_color__hover_enabled=&#8220;off&#8220; button_one_text_color__hover_enabled=&#8220;off&#8220; button_two_text_color__hover_enabled=&#8220;off&#8220; button_border_width__hover_enabled=&#8220;off&#8220; button_one_border_width__hover_enabled=&#8220;off&#8220; button_two_border_width__hover_enabled=&#8220;off&#8220; button_border_color__hover_enabled=&#8220;off&#8220; button_one_border_color__hover_enabled=&#8220;off&#8220; button_two_border_color__hover_enabled=&#8220;off&#8220; button_border_radius__hover_enabled=&#8220;off&#8220; button_one_border_radius__hover_enabled=&#8220;off&#8220; button_two_border_radius__hover_enabled=&#8220;off&#8220; button_letter_spacing__hover_enabled=&#8220;off&#8220; button_one_letter_spacing__hover_enabled=&#8220;off&#8220; button_two_letter_spacing__hover_enabled=&#8220;off&#8220; button_bg_color__hover_enabled=&#8220;off&#8220; button_one_bg_color__hover_enabled=&#8220;off&#8220; button_two_bg_color__hover_enabled=&#8220;off&#8220;][\/et_pb_contact_field][\/et_pb_contact_form][\/et_pb_column][\/et_pb_row][\/et_pb_section]<\/p>\n","protected":false},"excerpt":{"rendered":"<p>Das Labor Galenische Zubereitung und bioidentische HormoneSeit 2008 hat sich Pharma Futura SA ausschliesslich auf die Entwicklung und Produktion von individualisierten Arzneimitteln f\u00fcr die bioidentische Hormonersatztherapie spezialisiert, wie z.B. liposomale Gele mit hoher Bioverf\u00fcgbarkeit. Unser Labor verf\u00fcgt \u00fcber eine von Swissmedic erteilte Bewilligung zur Herstellung von Arzneimitteln gem\u00e4ss Artikel 9.2 des Heilmittelgesetzes (HMG). Wir arbeiten [&hellip;]<\/p>\n","protected":false},"author":2,"featured_media":0,"parent":0,"menu_order":0,"comment_status":"closed","ping_status":"closed","template":"","meta":{"_acf_changed":false,"_et_pb_use_builder":"on","_et_pb_old_content":"","_et_gb_content_width":"","footnotes":""},"class_list":["post-1243","page","type-page","status-publish","hentry"],"acf":[],"_links":{"self":[{"href":"https:\/\/pharmafutura.ch\/de\/wp-json\/wp\/v2\/pages\/1243","targetHints":{"allow":["GET"]}}],"collection":[{"href":"https:\/\/pharmafutura.ch\/de\/wp-json\/wp\/v2\/pages"}],"about":[{"href":"https:\/\/pharmafutura.ch\/de\/wp-json\/wp\/v2\/types\/page"}],"author":[{"embeddable":true,"href":"https:\/\/pharmafutura.ch\/de\/wp-json\/wp\/v2\/users\/2"}],"replies":[{"embeddable":true,"href":"https:\/\/pharmafutura.ch\/de\/wp-json\/wp\/v2\/comments?post=1243"}],"version-history":[{"count":15,"href":"https:\/\/pharmafutura.ch\/de\/wp-json\/wp\/v2\/pages\/1243\/revisions"}],"predecessor-version":[{"id":247413,"href":"https:\/\/pharmafutura.ch\/de\/wp-json\/wp\/v2\/pages\/1243\/revisions\/247413"}],"wp:attachment":[{"href":"https:\/\/pharmafutura.ch\/de\/wp-json\/wp\/v2\/media?parent=1243"}],"curies":[{"name":"wp","href":"https:\/\/api.w.org\/{rel}","templated":true}]}}